{"id":844,"date":"2019-06-20T05:31:15","date_gmt":"2019-06-20T00:31:15","guid":{"rendered":"http:\/\/lavageexpressgm.com\/residentiel\/"},"modified":"2019-08-12T19:23:16","modified_gmt":"2019-08-12T14:23:16","slug":"residential","status":"publish","type":"page","link":"https:\/\/lavageexpressgm.com\/en\/residential\/","title":{"rendered":"Residential"},"content":{"rendered":"<div class=\"wpb-content-wrapper\">[mk_page_section bg_image=&#8221;http:\/\/lavageexpressgm.com\/wp-content\/uploads\/lavage-a-pression-residentiel1800x1100.jpg&#8221; bg_position=&#8221;center center&#8221; bg_repeat=&#8221;no-repeat&#8221; bg_stretch=&#8221;true&#8221; enable_3d=&#8221;true&#8221; speed_factor=&#8221;0.6&#8243; video_color_mask=&#8221;#000000&#8243; video_opacity=&#8221;0.25&#8243; min_height=&#8221;716&#8243; full_width=&#8221;true&#8221; padding_top=&#8221;225&#8243; padding_bottom=&#8221;225&#8243; src=&#8221;http:\/\/lavageexpressgm.com\/wp-content\/uploads\/lavage-a-pression-accueil.jpg&#8221; sidebar=&#8221;sidebar-1&#8243;][vc_column][mk_fancy_title color=&#8221;#ffffff&#8221; size=&#8221;50&#8243; force_font_size=&#8221;true&#8221; size_phone=&#8221;32&#8243; font_weight=&#8221;bold&#8221; txt_transform=&#8221;uppercase&#8221; font_family=&#8221;none&#8221; align=&#8221;center&#8221; animation=&#8221;bottom-to-top&#8221;]Beautify your residence<br \/>\nwith<br \/>\npressure washing[\/mk_fancy_title][mk_button dimension=&#8221;flat&#8221; size=&#8221;large&#8221; url=&#8221;\/en\/contact-us\/&#8221; align=&#8221;center&#8221; animation=&#8221;bottom-to-top&#8221; bg_color=&#8221;#ff6311&#8243; btn_hover_bg=&#8221;#ffffff&#8221; text_color=&#8221;dark&#8221; btn_hover_txt_color=&#8221;#4eb7a7&#8243;]Contact us![\/mk_button][\/vc_column][\/mk_page_section][vc_row fullwidth=&#8221;true&#8221; fullwidth_content=&#8221;false&#8221; css=&#8221;.vc_custom_1561662519740{padding-top: 90px !important;}&#8221;][vc_column][mk_image src=&#8221;http:\/\/lavageexpressgm.com\/wp-content\/uploads\/istockphotolavagepression129x129.jpg&#8221; align=&#8221;center&#8221; margin_bottom=&#8221;20&#8243; crop=&#8221;false&#8221;][mk_fancy_title tag_name=&#8221;h1&#8243; size=&#8221;40&#8243; font_weight=&#8221;200&#8243; margin_bottom=&#8221;5&#8243; font_family=&#8221;none&#8221; align=&#8221;center&#8221;]<strong>Residential<br \/>\n<span style=\"color: #ff6311;\">exterior washing<\/span><\/strong>[\/mk_fancy_title][mk_padding_divider][vc_row_inner css=&#8221;.vc_custom_1561734441681{padding-bottom: 0px !important;}&#8221;][vc_column_inner][vc_column_text align=&#8221;center&#8221; css=&#8221;.vc_custom_1562270924646{margin-bottom: 0px !important;}&#8221;]<span style=\"font-weight: 400;\">As the seasons go by, the exterior of your residence gradually becomes blackened with grime. But you can do something about it! All it takes is a phone call, and our team will get to work cleaning the external walls of your home, restoring them to their original splendor.<\/span><\/p>\n<p><span style=\"font-weight: 400;\">No matter how big your home is or how many stories it has, our team members have the necessary training and use the appropriate professional safety equipment to do the job securely and efficiently.<\/span><\/p>\n<p><strong>Available 24 hours a day,<br \/>\n7 days a week<\/strong><br \/>\n<a style=\"font-size: 24px; font-weight: bold;\" href=\"tel:+15145917349\">(514) 591-7349<\/a>[\/vc_column_text][vc_separator css=&#8221;.vc_custom_1561734435622{padding-top: 30px !important;}&#8221;][\/vc_column_inner][\/vc_row_inner][vc_row_inner css=&#8221;.vc_custom_1561734462400{padding-top: 30px !important;padding-bottom: 60px !important;}&#8221;][vc_column_inner width=&#8221;1\/3&#8243;][vc_single_image image=&#8221;609&#8243; img_size=&#8221;400X400&#8243;][mk_padding_divider visibility=&#8221;visible-sm&#8221;][\/vc_column_inner][vc_column_inner width=&#8221;2\/3&#8243;][mk_padding_divider size=&#8221;60&#8243; visibility=&#8221;hidden-sm&#8221;][mk_fancy_title size=&#8221;32&#8243; force_font_size=&#8221;true&#8221; size_phone=&#8221;27&#8243; font_family=&#8221;none&#8221;]<b>Blasting<\/b>[\/mk_fancy_title][vc_column_text css=&#8221;.vc_custom_1562270739916{margin-bottom: 0px !important;}&#8221;]<span style=\"font-weight: 400;\">Thanks to blasting and pressure washing, your concrete and paving stone surfaces will look like new again. Your driveway and other paved surfaces will no longer be plagued by oil, rocks, sand, dirt or weeds. They\u2019ll be so clean that they\u2019ll look like new, as if they had just been installed. Does your pool border also merit a good scrubbing? Well, you\u2019re in luck, because we offer that service, too!<\/span>[\/vc_column_text][\/vc_column_inner][\/vc_row_inner][vc_row_inner css=&#8221;.vc_custom_1561660812903{padding-bottom: 60px !important;}&#8221;][vc_column_inner width=&#8221;2\/3&#8243;][mk_padding_divider size=&#8221;95&#8243; visibility=&#8221;hidden-sm&#8221;][mk_fancy_title size=&#8221;32&#8243; force_font_size=&#8221;true&#8221; size_phone=&#8221;27&#8243; font_family=&#8221;none&#8221;]<b>Rain gutters<\/b>[\/mk_fancy_title][vc_column_text css=&#8221;.vc_custom_1562270758177{margin-bottom: 0px !important;}&#8221;]<span style=\"font-weight: 400;\">Way up high, hard to get to and usually filthy, your rain gutters are definitely not much fun to clean. Are you always putting it off until tomorrow? Rid yourself of this unpleasant chore by entrusting it to our team.<\/span>[\/vc_column_text][mk_padding_divider visibility=&#8221;visible-sm&#8221;][\/vc_column_inner][vc_column_inner width=&#8221;1\/3&#8243;][vc_single_image image=&#8221;613&#8243; img_size=&#8221;400X400&#8243;][\/vc_column_inner][\/vc_row_inner][\/vc_column][\/vc_row][vc_row fullwidth=&#8221;true&#8221; fullwidth_content=&#8221;false&#8221; css=&#8221;.vc_custom_1449219267461{background-color: #0e73bf !important;}&#8221;][vc_column][mk_padding_divider size=&#8221;30&#8243;][vc_row_inner][vc_column_inner width=&#8221;2\/3&#8243;][mk_padding_divider size=&#8221;10&#8243;][mk_fancy_title tag_name=&#8221;h5&#8243; color=&#8221;#ffffff&#8221; size=&#8221;26&#8243; font_weight=&#8221;400&#8243; txt_transform=&#8221;none&#8221; font_family=&#8221;Open+Sans&#8221; font_type=&#8221;google&#8221; align=&#8221;center&#8221;]\n<h3><span style=\"color: #ffffff;\">Ask for a free estimate today<\/span><\/h3>\n[\/mk_fancy_title][\/vc_column_inner][vc_column_inner width=&#8221;1\/3&#8243;][mk_button dimension=&#8221;flat&#8221; size=&#8221;large&#8221; url=&#8221;\/en\/contact-us\/&#8221; margin_right=&#8221;0&#8243; bg_color=&#8221;#ff6311&#8243; btn_hover_bg=&#8221;#ffffff&#8221; text_color=&#8221;dark&#8221; btn_hover_txt_color=&#8221;#0a0a0a&#8221;]Contact us![\/mk_button][\/vc_column_inner][\/vc_row_inner][\/vc_column][\/vc_row]\n<\/div>","protected":false},"excerpt":{"rendered":"<p>[mk_page_section bg_image=&#8221;http:\/\/lavageexpressgm.com\/wp-content\/uploads\/lavage-a-pression-residentiel1800x1100.jpg&#8221; bg_position=&#8221;center center&#8221; bg_repeat=&#8221;no-repeat&#8221; bg_stretch=&#8221;true&#8221; enable_3d=&#8221;true&#8221; speed_factor=&#8221;0.6&#8243; video_color_mask=&#8221;#000000&#8243; video_opacity=&#8221;0.25&#8243; min_height=&#8221;716&#8243; full_width=&#8221;true&#8221; padding_top=&#8221;225&#8243; padding_bottom=&#8221;225&#8243; src=&#8221;http:\/\/lavageexpressgm.com\/wp-content\/uploads\/lavage-a-pression-accueil.jpg&#8221; sidebar=&#8221;sidebar-1&#8243;][vc_column][mk_fancy_title color=&#8221;#ffffff&#8221; size=&#8221;50&#8243; force_font_size=&#8221;true&#8221; size_phone=&#8221;32&#8243; font_weight=&#8221;bold&#8221; txt_transform=&#8221;uppercase&#8221; font_family=&#8221;none&#8221; align=&#8221;center&#8221; animation=&#8221;bottom-to-top&#8221;]Beautify your residence with pressure washing[\/mk_fancy_title][mk_button dimension=&#8221;flat&#8221; size=&#8221;large&#8221; url=&#8221;\/en\/contact-us\/&#8221; align=&#8221;center&#8221; animation=&#8221;bottom-to-top&#8221; bg_color=&#8221;#ff6311&#8243; btn_hover_bg=&#8221;#ffffff&#8221; text_color=&#8221;dark&#8221; btn_hover_txt_color=&#8221;#4eb7a7&#8243;]Contact us![\/mk_button][\/vc_column][\/mk_page_section][vc_row fullwidth=&#8221;true&#8221; fullwidth_content=&#8221;false&#8221; css=&#8221;.vc_custom_1561662519740{padding-top: 90px !important;}&#8221;][vc_column][mk_image src=&#8221;http:\/\/lavageexpressgm.com\/wp-content\/uploads\/istockphotolavagepression129x129.jpg&#8221; align=&#8221;center&#8221; margin_bottom=&#8221;20&#8243; crop=&#8221;false&#8221;][mk_fancy_title tag_name=&#8221;h1&#8243; size=&#8221;40&#8243; font_weight=&#8221;200&#8243; margin_bottom=&#8221;5&#8243; font_family=&#8221;none&#8221; align=&#8221;center&#8221;]Residential [&hellip;]<\/p>\n","protected":false},"author":12,"featured_media":0,"parent":0,"menu_order":0,"comment_status":"closed","ping_status":"closed","template":"","meta":{"footnotes":""},"class_list":["post-844","page","type-page","status-publish","hentry"],"yoast_head":"<!-- This site is optimized with the Yoast SEO plugin v27.3 - https:\/\/yoast.com\/product\/yoast-seo-wordpress\/ -->\n<title>Residential Pressure Washing | Lavage Express G.M.<\/title>\n<meta name=\"description\" content=\"Thanks to blasting and pressure washing, your concrete and paving stone surfaces will look like new again. Contact us for more information or to schedule an appointment.\" \/>\n<meta name=\"robots\" content=\"index, follow, max-snippet:-1, max-image-preview:large, max-video-preview:-1\" \/>\n<link rel=\"canonical\" href=\"https:\/\/lavageexpressgm.com\/en\/residential\/\" \/>\n<meta property=\"og:locale\" content=\"en_US\" \/>\n<meta property=\"og:type\" content=\"article\" \/>\n<meta property=\"og:title\" content=\"Lavage \u00e0 Pression R\u00e9sidentiel | Lavage Express G.M.\" \/>\n<meta property=\"og:description\" content=\"Redonnez \u00e0 vos dalles et votre pav\u00e9 uni tout leur \u00e9clat gr\u00e2ce \u00e0 un nettoyage \u00e0 pression d\u00e9capant. Contactez nous pour plus d&#039;informations ou pour prendre rendez-vous. (514) 591-7349\" \/>\n<meta property=\"og:url\" content=\"https:\/\/lavageexpressgm.com\/en\/residential\/\" \/>\n<meta property=\"og:site_name\" content=\"Lavage Express G.M.\" \/>\n<meta property=\"article:modified_time\" content=\"2019-08-12T14:23:16+00:00\" \/>\n<meta name=\"twitter:card\" content=\"summary_large_image\" \/>\n<meta name=\"twitter:title\" content=\"Lavage \u00e0 Pression R\u00e9sidentiel | Lavage Express G.M.\" \/>\n<meta name=\"twitter:description\" content=\"Redonnez \u00e0 vos dalles et votre pav\u00e9 uni tout leur \u00e9clat gr\u00e2ce \u00e0 un nettoyage \u00e0 pression d\u00e9capant. Contactez nous pour plus d&#039;informations ou pour prendre rendez-vous. (514) 591-7349\" \/>\n<meta name=\"twitter:label1\" content=\"Est. reading time\" \/>\n\t<meta name=\"twitter:data1\" content=\"3 minutes\" \/>\n<script type=\"application\/ld+json\" class=\"yoast-schema-graph\">{\"@context\":\"https:\\\/\\\/schema.org\",\"@graph\":[{\"@type\":\"WebPage\",\"@id\":\"https:\\\/\\\/lavageexpressgm.com\\\/en\\\/residential\\\/\",\"url\":\"https:\\\/\\\/lavageexpressgm.com\\\/en\\\/residential\\\/\",\"name\":\"Residential Pressure Washing | Lavage Express G.M.\",\"isPartOf\":{\"@id\":\"https:\\\/\\\/lavageexpressgm.com\\\/#website\"},\"datePublished\":\"2019-06-20T00:31:15+00:00\",\"dateModified\":\"2019-08-12T14:23:16+00:00\",\"description\":\"Thanks to blasting and pressure washing, your concrete and paving stone surfaces will look like new again. Contact us for more information or to schedule an appointment.\",\"breadcrumb\":{\"@id\":\"https:\\\/\\\/lavageexpressgm.com\\\/en\\\/residential\\\/#breadcrumb\"},\"inLanguage\":\"en-CA\",\"potentialAction\":[{\"@type\":\"ReadAction\",\"target\":[\"https:\\\/\\\/lavageexpressgm.com\\\/en\\\/residential\\\/\"]}]},{\"@type\":\"BreadcrumbList\",\"@id\":\"https:\\\/\\\/lavageexpressgm.com\\\/en\\\/residential\\\/#breadcrumb\",\"itemListElement\":[{\"@type\":\"ListItem\",\"position\":1,\"name\":\"Home\",\"item\":\"https:\\\/\\\/lavageexpressgm.com\\\/en\\\/\"},{\"@type\":\"ListItem\",\"position\":2,\"name\":\"Residential\"}]},{\"@type\":\"WebSite\",\"@id\":\"https:\\\/\\\/lavageexpressgm.com\\\/#website\",\"url\":\"https:\\\/\\\/lavageexpressgm.com\\\/\",\"name\":\"Lavage Express G.M.\",\"description\":\"\",\"potentialAction\":[{\"@type\":\"SearchAction\",\"target\":{\"@type\":\"EntryPoint\",\"urlTemplate\":\"https:\\\/\\\/lavageexpressgm.com\\\/?s={search_term_string}\"},\"query-input\":{\"@type\":\"PropertyValueSpecification\",\"valueRequired\":true,\"valueName\":\"search_term_string\"}}],\"inLanguage\":\"en-CA\"}]}<\/script>\n<!-- \/ Yoast SEO plugin. -->","yoast_head_json":{"title":"Residential Pressure Washing | Lavage Express G.M.","description":"Thanks to blasting and pressure washing, your concrete and paving stone surfaces will look like new again. Contact us for more information or to schedule an appointment.","robots":{"index":"index","follow":"follow","max-snippet":"max-snippet:-1","max-image-preview":"max-image-preview:large","max-video-preview":"max-video-preview:-1"},"canonical":"https:\/\/lavageexpressgm.com\/en\/residential\/","og_locale":"en_US","og_type":"article","og_title":"Lavage \u00e0 Pression R\u00e9sidentiel | Lavage Express G.M.","og_description":"Redonnez \u00e0 vos dalles et votre pav\u00e9 uni tout leur \u00e9clat gr\u00e2ce \u00e0 un nettoyage \u00e0 pression d\u00e9capant. Contactez nous pour plus d'informations ou pour prendre rendez-vous. (514) 591-7349","og_url":"https:\/\/lavageexpressgm.com\/en\/residential\/","og_site_name":"Lavage Express G.M.","article_modified_time":"2019-08-12T14:23:16+00:00","twitter_card":"summary_large_image","twitter_title":"Lavage \u00e0 Pression R\u00e9sidentiel | Lavage Express G.M.","twitter_description":"Redonnez \u00e0 vos dalles et votre pav\u00e9 uni tout leur \u00e9clat gr\u00e2ce \u00e0 un nettoyage \u00e0 pression d\u00e9capant. Contactez nous pour plus d'informations ou pour prendre rendez-vous. (514) 591-7349","twitter_misc":{"Est. reading time":"3 minutes"},"schema":{"@context":"https:\/\/schema.org","@graph":[{"@type":"WebPage","@id":"https:\/\/lavageexpressgm.com\/en\/residential\/","url":"https:\/\/lavageexpressgm.com\/en\/residential\/","name":"Residential Pressure Washing | Lavage Express G.M.","isPartOf":{"@id":"https:\/\/lavageexpressgm.com\/#website"},"datePublished":"2019-06-20T00:31:15+00:00","dateModified":"2019-08-12T14:23:16+00:00","description":"Thanks to blasting and pressure washing, your concrete and paving stone surfaces will look like new again. Contact us for more information or to schedule an appointment.","breadcrumb":{"@id":"https:\/\/lavageexpressgm.com\/en\/residential\/#breadcrumb"},"inLanguage":"en-CA","potentialAction":[{"@type":"ReadAction","target":["https:\/\/lavageexpressgm.com\/en\/residential\/"]}]},{"@type":"BreadcrumbList","@id":"https:\/\/lavageexpressgm.com\/en\/residential\/#breadcrumb","itemListElement":[{"@type":"ListItem","position":1,"name":"Home","item":"https:\/\/lavageexpressgm.com\/en\/"},{"@type":"ListItem","position":2,"name":"Residential"}]},{"@type":"WebSite","@id":"https:\/\/lavageexpressgm.com\/#website","url":"https:\/\/lavageexpressgm.com\/","name":"Lavage Express G.M.","description":"","potentialAction":[{"@type":"SearchAction","target":{"@type":"EntryPoint","urlTemplate":"https:\/\/lavageexpressgm.com\/?s={search_term_string}"},"query-input":{"@type":"PropertyValueSpecification","valueRequired":true,"valueName":"search_term_string"}}],"inLanguage":"en-CA"}]}},"_links":{"self":[{"href":"https:\/\/lavageexpressgm.com\/en\/wp-json\/wp\/v2\/pages\/844","targetHints":{"allow":["GET"]}}],"collection":[{"href":"https:\/\/lavageexpressgm.com\/en\/wp-json\/wp\/v2\/pages"}],"about":[{"href":"https:\/\/lavageexpressgm.com\/en\/wp-json\/wp\/v2\/types\/page"}],"author":[{"embeddable":true,"href":"https:\/\/lavageexpressgm.com\/en\/wp-json\/wp\/v2\/users\/12"}],"replies":[{"embeddable":true,"href":"https:\/\/lavageexpressgm.com\/en\/wp-json\/wp\/v2\/comments?post=844"}],"version-history":[{"count":5,"href":"https:\/\/lavageexpressgm.com\/en\/wp-json\/wp\/v2\/pages\/844\/revisions"}],"predecessor-version":[{"id":954,"href":"https:\/\/lavageexpressgm.com\/en\/wp-json\/wp\/v2\/pages\/844\/revisions\/954"}],"wp:attachment":[{"href":"https:\/\/lavageexpressgm.com\/en\/wp-json\/wp\/v2\/media?parent=844"}],"curies":[{"name":"wp","href":"https:\/\/api.w.org\/{rel}","templated":true}]}}