{"id":843,"date":"2019-06-20T06:37:57","date_gmt":"2019-06-20T01:37:57","guid":{"rendered":"http:\/\/lavageexpressgm.com\/lavage-a-pression\/"},"modified":"2019-08-12T19:22:55","modified_gmt":"2019-08-12T14:22:55","slug":"pressure-washing","status":"publish","type":"page","link":"https:\/\/lavageexpressgm.com\/en\/pressure-washing\/","title":{"rendered":"Pressure washing"},"content":{"rendered":"<div class=\"wpb-content-wrapper\">[mk_page_section bg_image=&#8221;http:\/\/lavageexpressgm.com\/wp-content\/uploads\/lavage-sous-pression-vaudreuil1800x1100.jpg&#8221; bg_position=&#8221;center center&#8221; bg_repeat=&#8221;no-repeat&#8221; bg_stretch=&#8221;true&#8221; enable_3d=&#8221;true&#8221; speed_factor=&#8221;0.6&#8243; video_color_mask=&#8221;#ffffff&#8221; video_opacity=&#8221;0&#8243; min_height=&#8221;716&#8243; full_width=&#8221;true&#8221; padding_top=&#8221;225&#8243; padding_bottom=&#8221;225&#8243; src=&#8221;http:\/\/lavageexpressgm.com\/wp-content\/uploads\/lavage-a-pression-accueil.jpg&#8221; sidebar=&#8221;sidebar-1&#8243;][vc_column][mk_fancy_title tag_name=&#8221;h1&#8243; color=&#8221;#ffffff&#8221; size=&#8221;50&#8243; force_font_size=&#8221;true&#8221; size_phone=&#8221;32&#8243; font_weight=&#8221;bold&#8221; txt_transform=&#8221;uppercase&#8221; font_family=&#8221;none&#8221; align=&#8221;center&#8221; animation=&#8221;bottom-to-top&#8221;]Pressure washing:<br \/>\nfor clean<br \/>\nattractive buildings[\/mk_fancy_title][mk_button dimension=&#8221;flat&#8221; size=&#8221;large&#8221; url=&#8221;\/en\/contact-us\/&#8221; align=&#8221;center&#8221; animation=&#8221;bottom-to-top&#8221; bg_color=&#8221;#ff6311&#8243; btn_hover_bg=&#8221;#ffffff&#8221; text_color=&#8221;dark&#8221; btn_hover_txt_color=&#8221;#0e73bf&#8221;]Contact us ! [\/mk_button][\/vc_column][\/mk_page_section][vc_row fullwidth=&#8221;true&#8221; fullwidth_content=&#8221;false&#8221; css=&#8221;.vc_custom_1561661894872{padding-top: 90px !important;background-color: #ffffff !important;}&#8221;][vc_column][mk_image src=&#8221;http:\/\/lavageexpressgm.com\/wp-content\/uploads\/istockphotolavagepression129x129.jpg&#8221; align=&#8221;center&#8221; margin_bottom=&#8221;20&#8243; crop=&#8221;false&#8221;][mk_fancy_title size=&#8221;40&#8243; font_weight=&#8221;200&#8243; margin_bottom=&#8221;5&#8243; font_family=&#8221;none&#8221; align=&#8221;center&#8221;]<strong>Lavage Express G.M.,<\/strong><br \/>\n<strong><span style=\"color: #ff6311;\">your specialists!<\/span><\/strong>[\/mk_fancy_title][mk_padding_divider][vc_row_inner css=&#8221;.vc_custom_1561732991132{padding-bottom: 60px !important;}&#8221;][vc_column_inner][vc_column_text align=&#8221;center&#8221; css=&#8221;.vc_custom_1562271265576{margin-bottom: 0px !important;}&#8221;]<span style=\"font-weight: 400;\">Thanks to a powerful jet of high-pressure water, you can say goodbye to the grime, stubborn stains and graffiti marring the outer walls of your business or residence and make them look like new again. At Lavage Express G.M., we have the necessary equipment and products to effectively remove all traces of dirt, mud and pollution.<\/span><\/p>\n<p><span style=\"font-weight: 400;\">Whether you need to wash the outer walls of your home, clean your paving stones, eliminate the layers of dust and pollution covering your shopping center or wash your fleet of trucks, you can count on our team to do the job.<\/span><\/p>\n<p><span style=\"font-weight: 400;\">Some surfaces require the work to be done carefully by a skilled technician. Lavage Express G.M. performs the cleaning work using a high-pressure jet, in compliance with the regulations of your industry. We undertake every project with professionalism, rigor and meticulous attention to detail.<\/span><\/p>\n<p><span style=\"font-weight: 400;\">From cleaning your pool border and washing the outside of your home to cleaning your rain gutters and washing your fleet of trucks, we\u2019re your specialists in \u00cele-Perrot and the West Island area.<\/span><\/p>\n<p style=\"text-align: center;\">Contact our team:<br \/>\n<a style=\"font-size: 24px; font-weight: bold;\" href=\"tel:+1514-591-7349\">(514) 591-7349<\/a><\/p>\n[\/vc_column_text][\/vc_column_inner][\/vc_row_inner][vc_row_inner css=&#8221;.vc_custom_1561661835359{padding-bottom: 90px !important;}&#8221;][vc_column_inner][mk_gallery title=&#8221;Lavage Express G.M.&#8221; images=&#8221;643,641,639,637,635,633,631,629,625,627,831,833&#8243; height=&#8221;400&#8243;][\/vc_column_inner][\/vc_row_inner][\/vc_column][\/vc_row][vc_row fullwidth=&#8221;true&#8221; fullwidth_content=&#8221;false&#8221; css=&#8221;.vc_custom_1449219267461{background-color: #0e73bf !important;}&#8221;][vc_column][mk_padding_divider size=&#8221;30&#8243;][vc_row_inner][vc_column_inner width=&#8221;2\/3&#8243;][mk_padding_divider size=&#8221;10&#8243;][mk_fancy_title tag_name=&#8221;h5&#8243; color=&#8221;#ffffff&#8221; size=&#8221;26&#8243; font_weight=&#8221;400&#8243; txt_transform=&#8221;none&#8221; font_family=&#8221;Open+Sans&#8221; font_type=&#8221;google&#8221; align=&#8221;center&#8221;]\n<h3><span style=\"color: #ffffff;\">Ask for a free estimate today<\/span><\/h3>\n[\/mk_fancy_title][\/vc_column_inner][vc_column_inner width=&#8221;1\/3&#8243;][mk_button dimension=&#8221;flat&#8221; size=&#8221;large&#8221; url=&#8221;\/en\/contact-us\/&#8221; margin_right=&#8221;0&#8243; bg_color=&#8221;#ff6311&#8243; btn_hover_bg=&#8221;#ffffff&#8221; text_color=&#8221;dark&#8221; btn_hover_txt_color=&#8221;#0a0a0a&#8221;]Contact us![\/mk_button][\/vc_column_inner][\/vc_row_inner][\/vc_column][\/vc_row]\n<\/div>","protected":false},"excerpt":{"rendered":"<p>[mk_page_section bg_image=&#8221;http:\/\/lavageexpressgm.com\/wp-content\/uploads\/lavage-sous-pression-vaudreuil1800x1100.jpg&#8221; bg_position=&#8221;center center&#8221; bg_repeat=&#8221;no-repeat&#8221; bg_stretch=&#8221;true&#8221; enable_3d=&#8221;true&#8221; speed_factor=&#8221;0.6&#8243; video_color_mask=&#8221;#ffffff&#8221; video_opacity=&#8221;0&#8243; min_height=&#8221;716&#8243; full_width=&#8221;true&#8221; padding_top=&#8221;225&#8243; padding_bottom=&#8221;225&#8243; src=&#8221;http:\/\/lavageexpressgm.com\/wp-content\/uploads\/lavage-a-pression-accueil.jpg&#8221; sidebar=&#8221;sidebar-1&#8243;][vc_column][mk_fancy_title tag_name=&#8221;h1&#8243; color=&#8221;#ffffff&#8221; size=&#8221;50&#8243; force_font_size=&#8221;true&#8221; size_phone=&#8221;32&#8243; font_weight=&#8221;bold&#8221; txt_transform=&#8221;uppercase&#8221; font_family=&#8221;none&#8221; align=&#8221;center&#8221; animation=&#8221;bottom-to-top&#8221;]Pressure washing: for clean attractive buildings[\/mk_fancy_title][mk_button dimension=&#8221;flat&#8221; size=&#8221;large&#8221; url=&#8221;\/en\/contact-us\/&#8221; align=&#8221;center&#8221; animation=&#8221;bottom-to-top&#8221; bg_color=&#8221;#ff6311&#8243; btn_hover_bg=&#8221;#ffffff&#8221; text_color=&#8221;dark&#8221; btn_hover_txt_color=&#8221;#0e73bf&#8221;]Contact us ! [\/mk_button][\/vc_column][\/mk_page_section][vc_row fullwidth=&#8221;true&#8221; fullwidth_content=&#8221;false&#8221; css=&#8221;.vc_custom_1561661894872{padding-top: 90px !important;background-color: #ffffff !important;}&#8221;][vc_column][mk_image src=&#8221;http:\/\/lavageexpressgm.com\/wp-content\/uploads\/istockphotolavagepression129x129.jpg&#8221; align=&#8221;center&#8221; margin_bottom=&#8221;20&#8243; crop=&#8221;false&#8221;][mk_fancy_title size=&#8221;40&#8243; [&hellip;]<\/p>\n","protected":false},"author":12,"featured_media":0,"parent":0,"menu_order":0,"comment_status":"closed","ping_status":"closed","template":"","meta":{"footnotes":""},"class_list":["post-843","page","type-page","status-publish","hentry"],"yoast_head":"<!-- This site is optimized with the Yoast SEO plugin v27.3 - https:\/\/yoast.com\/product\/yoast-seo-wordpress\/ -->\n<title>Residential and Commercial Pressure Washing | Lavage Express G.M.<\/title>\n<meta name=\"description\" content=\"Thanks to a powerful jet of high-pressure water, you can say goodbye to the grime, stubborn stains and graffiti marring the outer walls of your business or residence.\" \/>\n<meta name=\"robots\" content=\"index, follow, max-snippet:-1, max-image-preview:large, max-video-preview:-1\" \/>\n<link rel=\"canonical\" href=\"https:\/\/lavageexpressgm.com\/en\/pressure-washing\/\" \/>\n<meta property=\"og:locale\" content=\"en_US\" \/>\n<meta property=\"og:type\" content=\"article\" \/>\n<meta property=\"og:title\" content=\"Lavage \u00e0 Pression R\u00e9sidentiel et Commercial | Lavage Express G.M.\" \/>\n<meta property=\"og:description\" content=\"Gr\u00e2ce au jet puissant de l\u2019eau sous pression, dites adieu \u00e0 la salet\u00e9, aux taches tenaces et aux graffitis qui d\u00e9t\u00e9riorent les murs ext\u00e9rieurs de votre commerce ou de votre r\u00e9sidence. (514) 591-7349\" \/>\n<meta property=\"og:url\" content=\"https:\/\/lavageexpressgm.com\/en\/pressure-washing\/\" \/>\n<meta property=\"og:site_name\" content=\"Lavage Express G.M.\" \/>\n<meta property=\"article:modified_time\" content=\"2019-08-12T14:22:55+00:00\" \/>\n<meta name=\"twitter:card\" content=\"summary_large_image\" \/>\n<meta name=\"twitter:title\" content=\"Lavage \u00e0 Pression R\u00e9sidentiel et Commercial | Lavage Express G.M.\" \/>\n<meta name=\"twitter:description\" content=\"Gr\u00e2ce au jet puissant de l\u2019eau sous pression, dites adieu \u00e0 la salet\u00e9, aux taches tenaces et aux graffitis qui d\u00e9t\u00e9riorent les murs ext\u00e9rieurs de votre commerce ou de votre r\u00e9sidence. (514) 591-7349\" \/>\n<meta name=\"twitter:label1\" content=\"Est. reading time\" \/>\n\t<meta name=\"twitter:data1\" content=\"3 minutes\" \/>\n<script type=\"application\/ld+json\" class=\"yoast-schema-graph\">{\"@context\":\"https:\\\/\\\/schema.org\",\"@graph\":[{\"@type\":\"WebPage\",\"@id\":\"https:\\\/\\\/lavageexpressgm.com\\\/en\\\/pressure-washing\\\/\",\"url\":\"https:\\\/\\\/lavageexpressgm.com\\\/en\\\/pressure-washing\\\/\",\"name\":\"Residential and Commercial Pressure Washing | Lavage Express G.M.\",\"isPartOf\":{\"@id\":\"https:\\\/\\\/lavageexpressgm.com\\\/#website\"},\"datePublished\":\"2019-06-20T01:37:57+00:00\",\"dateModified\":\"2019-08-12T14:22:55+00:00\",\"description\":\"Thanks to a powerful jet of high-pressure water, you can say goodbye to the grime, stubborn stains and graffiti marring the outer walls of your business or residence.\",\"breadcrumb\":{\"@id\":\"https:\\\/\\\/lavageexpressgm.com\\\/en\\\/pressure-washing\\\/#breadcrumb\"},\"inLanguage\":\"en-CA\",\"potentialAction\":[{\"@type\":\"ReadAction\",\"target\":[\"https:\\\/\\\/lavageexpressgm.com\\\/en\\\/pressure-washing\\\/\"]}]},{\"@type\":\"BreadcrumbList\",\"@id\":\"https:\\\/\\\/lavageexpressgm.com\\\/en\\\/pressure-washing\\\/#breadcrumb\",\"itemListElement\":[{\"@type\":\"ListItem\",\"position\":1,\"name\":\"Home\",\"item\":\"https:\\\/\\\/lavageexpressgm.com\\\/en\\\/\"},{\"@type\":\"ListItem\",\"position\":2,\"name\":\"Pressure washing\"}]},{\"@type\":\"WebSite\",\"@id\":\"https:\\\/\\\/lavageexpressgm.com\\\/#website\",\"url\":\"https:\\\/\\\/lavageexpressgm.com\\\/\",\"name\":\"Lavage Express G.M.\",\"description\":\"\",\"potentialAction\":[{\"@type\":\"SearchAction\",\"target\":{\"@type\":\"EntryPoint\",\"urlTemplate\":\"https:\\\/\\\/lavageexpressgm.com\\\/?s={search_term_string}\"},\"query-input\":{\"@type\":\"PropertyValueSpecification\",\"valueRequired\":true,\"valueName\":\"search_term_string\"}}],\"inLanguage\":\"en-CA\"}]}<\/script>\n<!-- \/ Yoast SEO plugin. -->","yoast_head_json":{"title":"Residential and Commercial Pressure Washing | Lavage Express G.M.","description":"Thanks to a powerful jet of high-pressure water, you can say goodbye to the grime, stubborn stains and graffiti marring the outer walls of your business or residence.","robots":{"index":"index","follow":"follow","max-snippet":"max-snippet:-1","max-image-preview":"max-image-preview:large","max-video-preview":"max-video-preview:-1"},"canonical":"https:\/\/lavageexpressgm.com\/en\/pressure-washing\/","og_locale":"en_US","og_type":"article","og_title":"Lavage \u00e0 Pression R\u00e9sidentiel et Commercial | Lavage Express G.M.","og_description":"Gr\u00e2ce au jet puissant de l\u2019eau sous pression, dites adieu \u00e0 la salet\u00e9, aux taches tenaces et aux graffitis qui d\u00e9t\u00e9riorent les murs ext\u00e9rieurs de votre commerce ou de votre r\u00e9sidence. (514) 591-7349","og_url":"https:\/\/lavageexpressgm.com\/en\/pressure-washing\/","og_site_name":"Lavage Express G.M.","article_modified_time":"2019-08-12T14:22:55+00:00","twitter_card":"summary_large_image","twitter_title":"Lavage \u00e0 Pression R\u00e9sidentiel et Commercial | Lavage Express G.M.","twitter_description":"Gr\u00e2ce au jet puissant de l\u2019eau sous pression, dites adieu \u00e0 la salet\u00e9, aux taches tenaces et aux graffitis qui d\u00e9t\u00e9riorent les murs ext\u00e9rieurs de votre commerce ou de votre r\u00e9sidence. (514) 591-7349","twitter_misc":{"Est. reading time":"3 minutes"},"schema":{"@context":"https:\/\/schema.org","@graph":[{"@type":"WebPage","@id":"https:\/\/lavageexpressgm.com\/en\/pressure-washing\/","url":"https:\/\/lavageexpressgm.com\/en\/pressure-washing\/","name":"Residential and Commercial Pressure Washing | Lavage Express G.M.","isPartOf":{"@id":"https:\/\/lavageexpressgm.com\/#website"},"datePublished":"2019-06-20T01:37:57+00:00","dateModified":"2019-08-12T14:22:55+00:00","description":"Thanks to a powerful jet of high-pressure water, you can say goodbye to the grime, stubborn stains and graffiti marring the outer walls of your business or residence.","breadcrumb":{"@id":"https:\/\/lavageexpressgm.com\/en\/pressure-washing\/#breadcrumb"},"inLanguage":"en-CA","potentialAction":[{"@type":"ReadAction","target":["https:\/\/lavageexpressgm.com\/en\/pressure-washing\/"]}]},{"@type":"BreadcrumbList","@id":"https:\/\/lavageexpressgm.com\/en\/pressure-washing\/#breadcrumb","itemListElement":[{"@type":"ListItem","position":1,"name":"Home","item":"https:\/\/lavageexpressgm.com\/en\/"},{"@type":"ListItem","position":2,"name":"Pressure washing"}]},{"@type":"WebSite","@id":"https:\/\/lavageexpressgm.com\/#website","url":"https:\/\/lavageexpressgm.com\/","name":"Lavage Express G.M.","description":"","potentialAction":[{"@type":"SearchAction","target":{"@type":"EntryPoint","urlTemplate":"https:\/\/lavageexpressgm.com\/?s={search_term_string}"},"query-input":{"@type":"PropertyValueSpecification","valueRequired":true,"valueName":"search_term_string"}}],"inLanguage":"en-CA"}]}},"_links":{"self":[{"href":"https:\/\/lavageexpressgm.com\/en\/wp-json\/wp\/v2\/pages\/843","targetHints":{"allow":["GET"]}}],"collection":[{"href":"https:\/\/lavageexpressgm.com\/en\/wp-json\/wp\/v2\/pages"}],"about":[{"href":"https:\/\/lavageexpressgm.com\/en\/wp-json\/wp\/v2\/types\/page"}],"author":[{"embeddable":true,"href":"https:\/\/lavageexpressgm.com\/en\/wp-json\/wp\/v2\/users\/12"}],"replies":[{"embeddable":true,"href":"https:\/\/lavageexpressgm.com\/en\/wp-json\/wp\/v2\/comments?post=843"}],"version-history":[{"count":5,"href":"https:\/\/lavageexpressgm.com\/en\/wp-json\/wp\/v2\/pages\/843\/revisions"}],"predecessor-version":[{"id":953,"href":"https:\/\/lavageexpressgm.com\/en\/wp-json\/wp\/v2\/pages\/843\/revisions\/953"}],"wp:attachment":[{"href":"https:\/\/lavageexpressgm.com\/en\/wp-json\/wp\/v2\/media?parent=843"}],"curies":[{"name":"wp","href":"https:\/\/api.w.org\/{rel}","templated":true}]}}