{"id":841,"date":"2019-06-18T18:51:14","date_gmt":"2019-06-18T13:51:14","guid":{"rendered":"http:\/\/lavageexpressgm.com\/commercial\/"},"modified":"2019-07-16T01:02:46","modified_gmt":"2019-07-15T20:02:46","slug":"commercial","status":"publish","type":"page","link":"https:\/\/lavageexpressgm.com\/en\/commercial\/","title":{"rendered":"Commercial"},"content":{"rendered":"<div class=\"wpb-content-wrapper\">[mk_page_section bg_image=&#8221;http:\/\/lavageexpressgm.com\/wp-content\/uploads\/lavage-pression-commercial1800x1100.jpg&#8221; bg_position=&#8221;center center&#8221; bg_repeat=&#8221;no-repeat&#8221; bg_stretch=&#8221;true&#8221; enable_3d=&#8221;true&#8221; speed_factor=&#8221;0.6&#8243; video_color_mask=&#8221;#000000&#8243; video_opacity=&#8221;0.33&#8243; min_height=&#8221;716&#8243; full_width=&#8221;true&#8221; padding_top=&#8221;225&#8243; padding_bottom=&#8221;225&#8243; src=&#8221;lavage-a-pression-accueil.jpg&#8221; sidebar=&#8221;sidebar-1&#8243;][vc_column][mk_fancy_title tag_name=&#8221;h1&#8243; color=&#8221;#ffffff&#8221; size=&#8221;50&#8243; force_font_size=&#8221;true&#8221; size_phone=&#8221;32&#8243; font_weight=&#8221;bold&#8221; txt_transform=&#8221;uppercase&#8221; font_family=&#8221;none&#8221; align=&#8221;center&#8221; animation=&#8221;bottom-to-top&#8221;]Pressure washing for<br \/>\ninstitutional and industrial<br \/>\nestablishments[\/mk_fancy_title][mk_button dimension=&#8221;flat&#8221; size=&#8221;large&#8221; url=&#8221;\/en\/contact-us\/&#8221; align=&#8221;center&#8221; animation=&#8221;bottom-to-top&#8221; bg_color=&#8221;#ff6311&#8243; btn_hover_bg=&#8221;#ffffff&#8221; text_color=&#8221;dark&#8221; btn_hover_txt_color=&#8221;#4eb7a7&#8243;]Contact us![\/mk_button][\/vc_column][\/mk_page_section][vc_row fullwidth=&#8221;true&#8221; fullwidth_content=&#8221;false&#8221; css=&#8221;.vc_custom_1561662668686{padding-top: 90px !important;}&#8221;][vc_column][mk_padding_divider visibility=&#8221;hidden-sm&#8221;][mk_image src=&#8221;http:\/\/lavageexpressgm.com\/wp-content\/uploads\/istockphotolavagepression129x129.jpg&#8221; align=&#8221;center&#8221; margin_bottom=&#8221;20&#8243; crop=&#8221;false&#8221;][mk_fancy_title size=&#8221;40&#8243; font_weight=&#8221;200&#8243; margin_bottom=&#8221;5&#8243; font_family=&#8221;none&#8221; align=&#8221;center&#8221;]<strong>You can count<\/strong><br \/>\n<strong><span style=\"color: #ff6311;\">on our team to do the job<\/span><\/strong>[\/mk_fancy_title][mk_padding_divider][vc_row_inner css=&#8221;.vc_custom_1561734286516{padding-bottom: 30px !important;}&#8221;][vc_column_inner width=&#8221;2\/3&#8243;][mk_padding_divider visibility=&#8221;hidden-sm&#8221;][vc_column_text css=&#8221;.vc_custom_1562270059504{margin-bottom: 0px !important;}&#8221;]<span style=\"font-weight: 400;\">Your business is important to you, and the appearance of the exterior has an inevitable influence on your brand image. So when the outer walls are covered in grime or graffiti, it\u2019s only natural that you\u2019d want to see all of that disappear. <\/span><\/p>\n<p><span style=\"font-weight: 400;\">Well, we have good news for you! At Lavage Express G.M., we have not only the necessary equipment, but also the products to remove the graffiti and dirt marring the exterior walls of your business.<\/span><\/p>\n<p><strong><b>Available 24 hours a day,\u00a0<\/b><br \/>\n<\/strong><strong><b>7 days a week<\/b><\/strong><br \/>\n<a style=\"font-size: 24px; font-weight: bold;\" href=\"tel:+15145917349\">(514) 591-7349<\/a>[\/vc_column_text][mk_padding_divider visibility=&#8221;visible-sm&#8221;][\/vc_column_inner][vc_column_inner width=&#8221;1\/3&#8243;][vc_single_image image=&#8221;595&#8243; img_size=&#8221;400X400&#8243;][\/vc_column_inner][\/vc_row_inner][vc_separator css=&#8221;.vc_custom_1561734259701{padding-top: 0px !important;padding-bottom: 30px !important;}&#8221;][vc_row_inner css=&#8221;.vc_custom_1561660821420{padding-bottom: 60px !important;}&#8221;][vc_column_inner width=&#8221;1\/3&#8243;][vc_single_image image=&#8221;599&#8243; img_size=&#8221;400X400&#8243;][mk_padding_divider visibility=&#8221;visible-sm&#8221;][\/vc_column_inner][vc_column_inner width=&#8221;2\/3&#8243;][mk_padding_divider size=&#8221;20&#8243; visibility=&#8221;hidden-sm&#8221;][mk_fancy_title size=&#8221;32&#8243; force_font_size=&#8221;true&#8221; size_phone=&#8221;27&#8243; font_family=&#8221;none&#8221;]<strong>Shopping centers<\/strong>[\/mk_fancy_title][vc_column_text css=&#8221;.vc_custom_1562270096734{margin-bottom: 0px !important;}&#8221;]<span style=\"font-weight: 400;\">It\u2019s a well-known fact that a clean shopping center attracts more customers. Lavage Express G.M. performs exterior washing discreetly and efficiently for results that will not only meet, but exceed your expectations.<\/span>[\/vc_column_text][\/vc_column_inner][\/vc_row_inner][vc_row_inner css=&#8221;.vc_custom_1561660812903{padding-bottom: 60px !important;}&#8221;][vc_column_inner width=&#8221;2\/3&#8243;][mk_padding_divider size=&#8221;20&#8243; visibility=&#8221;hidden-sm&#8221;][mk_fancy_title size=&#8221;32&#8243; force_font_size=&#8221;true&#8221; size_phone=&#8221;27&#8243; font_family=&#8221;none&#8221;]<b>Trucks and trailers<\/b>[\/mk_fancy_title][vc_column_text css=&#8221;.vc_custom_1562270123769{margin-bottom: 0px !important;}&#8221;]<span style=\"font-weight: 400;\">You can count on our Mobile Unit team, specializing in exterior truck and trailer washing, to do the job. There has never been a quicker, simpler or more efficient way to wash your trucks.<\/span>[\/vc_column_text][mk_padding_divider visibility=&#8221;visible-sm&#8221;][\/vc_column_inner][vc_column_inner width=&#8221;1\/3&#8243;][vc_single_image image=&#8221;601&#8243; img_size=&#8221;400X400&#8243;][\/vc_column_inner][\/vc_row_inner][vc_row_inner css=&#8221;.vc_custom_1561660805641{padding-bottom: 90px !important;}&#8221;][vc_column_inner width=&#8221;1\/3&#8243;][vc_single_image image=&#8221;603&#8243; img_size=&#8221;400X400&#8243;][mk_padding_divider visibility=&#8221;visible-sm&#8221;][\/vc_column_inner][vc_column_inner width=&#8221;2\/3&#8243;][mk_padding_divider size=&#8221;80&#8243; visibility=&#8221;hidden-sm&#8221;][mk_fancy_title size=&#8221;32&#8243; force_font_size=&#8221;true&#8221; size_phone=&#8221;27&#8243; font_family=&#8221;none&#8221;]<b>Graffiti<\/b>[\/mk_fancy_title][vc_column_text css=&#8221;.vc_custom_1562270147390{margin-bottom: 0px !important;}&#8221;]<span style=\"font-weight: 400;\">Despite the posted warnings forbidding vandalism of their property, many people find their buildings and private residences defaced with graffiti. Lavage Express G.M. is the solution for erasing it from your walls.<\/span>[\/vc_column_text][\/vc_column_inner][\/vc_row_inner][\/vc_column][\/vc_row][vc_row fullwidth=&#8221;true&#8221; fullwidth_content=&#8221;false&#8221; css=&#8221;.vc_custom_1449219267461{background-color: #0e73bf !important;}&#8221;][vc_column][mk_padding_divider size=&#8221;30&#8243;][vc_row_inner][vc_column_inner width=&#8221;2\/3&#8243;][mk_padding_divider size=&#8221;10&#8243;][mk_fancy_title tag_name=&#8221;h5&#8243; color=&#8221;#ffffff&#8221; size=&#8221;26&#8243; font_weight=&#8221;400&#8243; txt_transform=&#8221;none&#8221; font_family=&#8221;Open+Sans&#8221; font_type=&#8221;google&#8221; align=&#8221;center&#8221;]\n<h3><span style=\"color: #ffffff;\">Ask for a free estimate today<\/span><\/h3>\n[\/mk_fancy_title][\/vc_column_inner][vc_column_inner width=&#8221;1\/3&#8243;][mk_button dimension=&#8221;flat&#8221; size=&#8221;large&#8221; url=&#8221;\/en\/contact-us\/&#8221; margin_right=&#8221;0&#8243; bg_color=&#8221;#ff6311&#8243; btn_hover_bg=&#8221;#ffffff&#8221; text_color=&#8221;dark&#8221; btn_hover_txt_color=&#8221;#0a0a0a&#8221;]Contact us![\/mk_button][\/vc_column_inner][\/vc_row_inner][\/vc_column][\/vc_row]\n<\/div>","protected":false},"excerpt":{"rendered":"<p>[mk_page_section bg_image=&#8221;http:\/\/lavageexpressgm.com\/wp-content\/uploads\/lavage-pression-commercial1800x1100.jpg&#8221; bg_position=&#8221;center center&#8221; bg_repeat=&#8221;no-repeat&#8221; bg_stretch=&#8221;true&#8221; enable_3d=&#8221;true&#8221; speed_factor=&#8221;0.6&#8243; video_color_mask=&#8221;#000000&#8243; video_opacity=&#8221;0.33&#8243; min_height=&#8221;716&#8243; full_width=&#8221;true&#8221; padding_top=&#8221;225&#8243; padding_bottom=&#8221;225&#8243; src=&#8221;lavage-a-pression-accueil.jpg&#8221; sidebar=&#8221;sidebar-1&#8243;][vc_column][mk_fancy_title tag_name=&#8221;h1&#8243; color=&#8221;#ffffff&#8221; size=&#8221;50&#8243; force_font_size=&#8221;true&#8221; size_phone=&#8221;32&#8243; font_weight=&#8221;bold&#8221; txt_transform=&#8221;uppercase&#8221; font_family=&#8221;none&#8221; align=&#8221;center&#8221; animation=&#8221;bottom-to-top&#8221;]Pressure washing for institutional and industrial establishments[\/mk_fancy_title][mk_button dimension=&#8221;flat&#8221; size=&#8221;large&#8221; url=&#8221;\/en\/contact-us\/&#8221; align=&#8221;center&#8221; animation=&#8221;bottom-to-top&#8221; bg_color=&#8221;#ff6311&#8243; btn_hover_bg=&#8221;#ffffff&#8221; text_color=&#8221;dark&#8221; btn_hover_txt_color=&#8221;#4eb7a7&#8243;]Contact us![\/mk_button][\/vc_column][\/mk_page_section][vc_row fullwidth=&#8221;true&#8221; fullwidth_content=&#8221;false&#8221; css=&#8221;.vc_custom_1561662668686{padding-top: 90px !important;}&#8221;][vc_column][mk_padding_divider visibility=&#8221;hidden-sm&#8221;][mk_image src=&#8221;http:\/\/lavageexpressgm.com\/wp-content\/uploads\/istockphotolavagepression129x129.jpg&#8221; align=&#8221;center&#8221; margin_bottom=&#8221;20&#8243; crop=&#8221;false&#8221;][mk_fancy_title size=&#8221;40&#8243; font_weight=&#8221;200&#8243; margin_bottom=&#8221;5&#8243; [&hellip;]<\/p>\n","protected":false},"author":12,"featured_media":0,"parent":0,"menu_order":0,"comment_status":"closed","ping_status":"closed","template":"","meta":{"footnotes":""},"class_list":["post-841","page","type-page","status-publish","hentry"],"yoast_head":"<!-- This site is optimized with the Yoast SEO plugin v27.3 - https:\/\/yoast.com\/product\/yoast-seo-wordpress\/ -->\n<title>Commercial Pressure Washing Service | Lavage Express G.M.<\/title>\n<meta name=\"description\" content=\"Lavage Express G.M. performs exterior washing discreetly and efficiently for results that will not only meet, but exceed your expectations.\" \/>\n<meta name=\"robots\" content=\"index, follow, max-snippet:-1, max-image-preview:large, max-video-preview:-1\" \/>\n<link rel=\"canonical\" href=\"https:\/\/lavageexpressgm.com\/en\/commercial\/\" \/>\n<meta property=\"og:locale\" content=\"en_US\" \/>\n<meta property=\"og:type\" content=\"article\" \/>\n<meta property=\"og:title\" content=\"Service de Nettoyage \u00e0 Pression Commercial | Lavage Express G.M.\" \/>\n<meta property=\"og:description\" content=\"Lavage Express GM en effectue le nettoyage ext\u00e9rieur de fa\u00e7on discr\u00e8te et efficace avec un r\u00e9sultat qui est \u00e0 la hauteur de vos attentes. 514-591-7349\" \/>\n<meta property=\"og:url\" content=\"https:\/\/lavageexpressgm.com\/en\/commercial\/\" \/>\n<meta property=\"og:site_name\" content=\"Lavage Express G.M.\" \/>\n<meta property=\"article:modified_time\" content=\"2019-07-15T20:02:46+00:00\" \/>\n<meta name=\"twitter:card\" content=\"summary_large_image\" \/>\n<meta name=\"twitter:title\" content=\"Service de Nettoyage \u00e0 Pression Commercial | Lavage Express G.M.\" \/>\n<meta name=\"twitter:description\" content=\"Lavage Express GM en effectue le nettoyage ext\u00e9rieur de fa\u00e7on discr\u00e8te et efficace avec un r\u00e9sultat qui est \u00e0 la hauteur de vos attentes. 514-591-7349\" \/>\n<meta name=\"twitter:label1\" content=\"Est. reading time\" \/>\n\t<meta name=\"twitter:data1\" content=\"4 minutes\" \/>\n<script type=\"application\/ld+json\" class=\"yoast-schema-graph\">{\"@context\":\"https:\\\/\\\/schema.org\",\"@graph\":[{\"@type\":\"WebPage\",\"@id\":\"https:\\\/\\\/lavageexpressgm.com\\\/en\\\/commercial\\\/\",\"url\":\"https:\\\/\\\/lavageexpressgm.com\\\/en\\\/commercial\\\/\",\"name\":\"Commercial Pressure Washing Service | Lavage Express G.M.\",\"isPartOf\":{\"@id\":\"https:\\\/\\\/lavageexpressgm.com\\\/#website\"},\"datePublished\":\"2019-06-18T13:51:14+00:00\",\"dateModified\":\"2019-07-15T20:02:46+00:00\",\"description\":\"Lavage Express G.M. performs exterior washing discreetly and efficiently for results that will not only meet, but exceed your expectations.\",\"breadcrumb\":{\"@id\":\"https:\\\/\\\/lavageexpressgm.com\\\/en\\\/commercial\\\/#breadcrumb\"},\"inLanguage\":\"en-CA\",\"potentialAction\":[{\"@type\":\"ReadAction\",\"target\":[\"https:\\\/\\\/lavageexpressgm.com\\\/en\\\/commercial\\\/\"]}]},{\"@type\":\"BreadcrumbList\",\"@id\":\"https:\\\/\\\/lavageexpressgm.com\\\/en\\\/commercial\\\/#breadcrumb\",\"itemListElement\":[{\"@type\":\"ListItem\",\"position\":1,\"name\":\"Home\",\"item\":\"https:\\\/\\\/lavageexpressgm.com\\\/en\\\/\"},{\"@type\":\"ListItem\",\"position\":2,\"name\":\"Commercial\"}]},{\"@type\":\"WebSite\",\"@id\":\"https:\\\/\\\/lavageexpressgm.com\\\/#website\",\"url\":\"https:\\\/\\\/lavageexpressgm.com\\\/\",\"name\":\"Lavage Express G.M.\",\"description\":\"\",\"potentialAction\":[{\"@type\":\"SearchAction\",\"target\":{\"@type\":\"EntryPoint\",\"urlTemplate\":\"https:\\\/\\\/lavageexpressgm.com\\\/?s={search_term_string}\"},\"query-input\":{\"@type\":\"PropertyValueSpecification\",\"valueRequired\":true,\"valueName\":\"search_term_string\"}}],\"inLanguage\":\"en-CA\"}]}<\/script>\n<!-- \/ Yoast SEO plugin. -->","yoast_head_json":{"title":"Commercial Pressure Washing Service | Lavage Express G.M.","description":"Lavage Express G.M. performs exterior washing discreetly and efficiently for results that will not only meet, but exceed your expectations.","robots":{"index":"index","follow":"follow","max-snippet":"max-snippet:-1","max-image-preview":"max-image-preview:large","max-video-preview":"max-video-preview:-1"},"canonical":"https:\/\/lavageexpressgm.com\/en\/commercial\/","og_locale":"en_US","og_type":"article","og_title":"Service de Nettoyage \u00e0 Pression Commercial | Lavage Express G.M.","og_description":"Lavage Express GM en effectue le nettoyage ext\u00e9rieur de fa\u00e7on discr\u00e8te et efficace avec un r\u00e9sultat qui est \u00e0 la hauteur de vos attentes. 514-591-7349","og_url":"https:\/\/lavageexpressgm.com\/en\/commercial\/","og_site_name":"Lavage Express G.M.","article_modified_time":"2019-07-15T20:02:46+00:00","twitter_card":"summary_large_image","twitter_title":"Service de Nettoyage \u00e0 Pression Commercial | Lavage Express G.M.","twitter_description":"Lavage Express GM en effectue le nettoyage ext\u00e9rieur de fa\u00e7on discr\u00e8te et efficace avec un r\u00e9sultat qui est \u00e0 la hauteur de vos attentes. 514-591-7349","twitter_misc":{"Est. reading time":"4 minutes"},"schema":{"@context":"https:\/\/schema.org","@graph":[{"@type":"WebPage","@id":"https:\/\/lavageexpressgm.com\/en\/commercial\/","url":"https:\/\/lavageexpressgm.com\/en\/commercial\/","name":"Commercial Pressure Washing Service | Lavage Express G.M.","isPartOf":{"@id":"https:\/\/lavageexpressgm.com\/#website"},"datePublished":"2019-06-18T13:51:14+00:00","dateModified":"2019-07-15T20:02:46+00:00","description":"Lavage Express G.M. performs exterior washing discreetly and efficiently for results that will not only meet, but exceed your expectations.","breadcrumb":{"@id":"https:\/\/lavageexpressgm.com\/en\/commercial\/#breadcrumb"},"inLanguage":"en-CA","potentialAction":[{"@type":"ReadAction","target":["https:\/\/lavageexpressgm.com\/en\/commercial\/"]}]},{"@type":"BreadcrumbList","@id":"https:\/\/lavageexpressgm.com\/en\/commercial\/#breadcrumb","itemListElement":[{"@type":"ListItem","position":1,"name":"Home","item":"https:\/\/lavageexpressgm.com\/en\/"},{"@type":"ListItem","position":2,"name":"Commercial"}]},{"@type":"WebSite","@id":"https:\/\/lavageexpressgm.com\/#website","url":"https:\/\/lavageexpressgm.com\/","name":"Lavage Express G.M.","description":"","potentialAction":[{"@type":"SearchAction","target":{"@type":"EntryPoint","urlTemplate":"https:\/\/lavageexpressgm.com\/?s={search_term_string}"},"query-input":{"@type":"PropertyValueSpecification","valueRequired":true,"valueName":"search_term_string"}}],"inLanguage":"en-CA"}]}},"_links":{"self":[{"href":"https:\/\/lavageexpressgm.com\/en\/wp-json\/wp\/v2\/pages\/841","targetHints":{"allow":["GET"]}}],"collection":[{"href":"https:\/\/lavageexpressgm.com\/en\/wp-json\/wp\/v2\/pages"}],"about":[{"href":"https:\/\/lavageexpressgm.com\/en\/wp-json\/wp\/v2\/types\/page"}],"author":[{"embeddable":true,"href":"https:\/\/lavageexpressgm.com\/en\/wp-json\/wp\/v2\/users\/12"}],"replies":[{"embeddable":true,"href":"https:\/\/lavageexpressgm.com\/en\/wp-json\/wp\/v2\/comments?post=841"}],"version-history":[{"count":4,"href":"https:\/\/lavageexpressgm.com\/en\/wp-json\/wp\/v2\/pages\/841\/revisions"}],"predecessor-version":[{"id":926,"href":"https:\/\/lavageexpressgm.com\/en\/wp-json\/wp\/v2\/pages\/841\/revisions\/926"}],"wp:attachment":[{"href":"https:\/\/lavageexpressgm.com\/en\/wp-json\/wp\/v2\/media?parent=841"}],"curies":[{"name":"wp","href":"https:\/\/api.w.org\/{rel}","templated":true}]}}